{"id":37,"date":"2021-10-07T13:14:32","date_gmt":"2021-10-07T10:14:32","guid":{"rendered":"https:\/\/bucaguvenkizyurdu.com\/?page_id=37"},"modified":"2025-09-20T16:22:46","modified_gmt":"2025-09-20T13:22:46","slug":"anasayfa","status":"publish","type":"page","link":"https:\/\/bucaguvenkizyurdu.com\/","title":{"rendered":"Buca G\u00fcven K\u0131z Yurdu | <a id=\"tel-num\" href=\"tel:+90505 733 37 28\">0505 733 37 28<\/a>"},"content":{"rendered":"","protected":false},"excerpt":{"rendered":"","protected":false},"author":1,"featured_media":0,"parent":0,"menu_order":0,"comment_status":"closed","ping_status":"closed","template":"","meta":{"footnotes":""},"class_list":["post-37","page","type-page","status-publish","hentry"],"yoast_head":"<!-- This site is optimized with the Yoast SEO plugin v27.5 - https:\/\/yoast.com\/product\/yoast-seo-wordpress\/ -->\n<title>Buca G\u00fcven K\u0131z Yurdu | 0505 733 37 28 - G\u00fcven K\u0131z Yurdu | Buca<\/title>\n<meta name=\"description\" content=\"Buca Dokuz Eyl\u00fcl \u00dcniversitesi yak\u0131n\u0131nda k\u0131z \u00f6\u011frenci yurdu. \u00dcniversiteye y\u00fcr\u00fcme mesafesinde y\u00fcksek \u00f6\u011frenim k\u0131z yurdu. Temiz, G\u00fcvenilir Kaliteli\" \/>\n<meta name=\"robots\" content=\"index, follow, max-snippet:-1, max-image-preview:large, max-video-preview:-1\" \/>\n<link rel=\"canonical\" href=\"https:\/\/bucaguvenkizyurdu.com\/\" \/>\n<meta property=\"og:locale\" content=\"tr_TR\" \/>\n<meta property=\"og:type\" content=\"article\" \/>\n<meta property=\"og:title\" content=\"Buca G\u00fcven K\u0131z Yurdu | 0505 733 37 28 - G\u00fcven K\u0131z Yurdu | Buca\" \/>\n<meta property=\"og:description\" content=\"Buca Dokuz Eyl\u00fcl \u00dcniversitesi yak\u0131n\u0131nda k\u0131z \u00f6\u011frenci yurdu. \u00dcniversiteye y\u00fcr\u00fcme mesafesinde y\u00fcksek \u00f6\u011frenim k\u0131z yurdu. Temiz, G\u00fcvenilir Kaliteli\" \/>\n<meta property=\"og:url\" content=\"https:\/\/bucaguvenkizyurdu.com\/\" \/>\n<meta property=\"og:site_name\" content=\"G\u00fcven K\u0131z Yurdu | Buca\" \/>\n<meta property=\"article:modified_time\" content=\"2025-09-20T13:22:46+00:00\" \/>\n<meta name=\"twitter:card\" content=\"summary_large_image\" \/>\n<meta name=\"twitter:label1\" content=\"Tahmini okuma s\u00fcresi\" \/>\n\t<meta name=\"twitter:data1\" content=\"3 dakika\" \/>\n<script type=\"application\/ld+json\" class=\"yoast-schema-graph\">{\"@context\":\"https:\\\/\\\/schema.org\",\"@graph\":[{\"@type\":\"WebPage\",\"@id\":\"https:\\\/\\\/bucaguvenkizyurdu.com\\\/\",\"url\":\"https:\\\/\\\/bucaguvenkizyurdu.com\\\/\",\"name\":\"Buca G\u00fcven K\u0131z Yurdu | 0505 733 37 28 - G\u00fcven K\u0131z Yurdu | Buca\",\"isPartOf\":{\"@id\":\"https:\\\/\\\/bucaguvenkizyurdu.com\\\/#website\"},\"datePublished\":\"2021-10-07T10:14:32+00:00\",\"dateModified\":\"2025-09-20T13:22:46+00:00\",\"description\":\"Buca Dokuz Eyl\u00fcl \u00dcniversitesi yak\u0131n\u0131nda k\u0131z \u00f6\u011frenci yurdu. \u00dcniversiteye y\u00fcr\u00fcme mesafesinde y\u00fcksek \u00f6\u011frenim k\u0131z yurdu. Temiz, G\u00fcvenilir Kaliteli\",\"breadcrumb\":{\"@id\":\"https:\\\/\\\/bucaguvenkizyurdu.com\\\/#breadcrumb\"},\"inLanguage\":\"tr\",\"potentialAction\":[{\"@type\":\"ReadAction\",\"target\":[\"https:\\\/\\\/bucaguvenkizyurdu.com\\\/\"]}]},{\"@type\":\"BreadcrumbList\",\"@id\":\"https:\\\/\\\/bucaguvenkizyurdu.com\\\/#breadcrumb\",\"itemListElement\":[{\"@type\":\"ListItem\",\"position\":1,\"name\":\"Anasayfa\",\"item\":\"https:\\\/\\\/bucaguvenkizyurdu.com\\\/\"},{\"@type\":\"ListItem\",\"position\":2,\"name\":\"Buca G\u00fcven K\u0131z Yurdu | 0505 733 37 28\"}]},{\"@type\":\"WebSite\",\"@id\":\"https:\\\/\\\/bucaguvenkizyurdu.com\\\/#website\",\"url\":\"https:\\\/\\\/bucaguvenkizyurdu.com\\\/\",\"name\":\"G\u00fcven K\u0131z Yurdu | Buca\",\"description\":\"E\u011fitim Yuvan\u0131z\",\"publisher\":{\"@id\":\"https:\\\/\\\/bucaguvenkizyurdu.com\\\/#organization\"},\"potentialAction\":[{\"@type\":\"SearchAction\",\"target\":{\"@type\":\"EntryPoint\",\"urlTemplate\":\"https:\\\/\\\/bucaguvenkizyurdu.com\\\/?s={search_term_string}\"},\"query-input\":{\"@type\":\"PropertyValueSpecification\",\"valueRequired\":true,\"valueName\":\"search_term_string\"}}],\"inLanguage\":\"tr\"},{\"@type\":\"Organization\",\"@id\":\"https:\\\/\\\/bucaguvenkizyurdu.com\\\/#organization\",\"name\":\"G\u00fcven K\u0131z Yurdu | Buca\",\"url\":\"https:\\\/\\\/bucaguvenkizyurdu.com\\\/\",\"logo\":{\"@type\":\"ImageObject\",\"inLanguage\":\"tr\",\"@id\":\"https:\\\/\\\/bucaguvenkizyurdu.com\\\/#\\\/schema\\\/logo\\\/image\\\/\",\"url\":\"https:\\\/\\\/bucaguvenkizyurdu.com\\\/wp-content\\\/uploads\\\/2021\\\/10\\\/cropped-guven-kiz-ogrenci-yurdu-logo.png\",\"contentUrl\":\"https:\\\/\\\/bucaguvenkizyurdu.com\\\/wp-content\\\/uploads\\\/2021\\\/10\\\/cropped-guven-kiz-ogrenci-yurdu-logo.png\",\"width\":160,\"height\":143,\"caption\":\"G\u00fcven K\u0131z Yurdu | Buca\"},\"image\":{\"@id\":\"https:\\\/\\\/bucaguvenkizyurdu.com\\\/#\\\/schema\\\/logo\\\/image\\\/\"},\"sameAs\":[\"https:\\\/\\\/www.instagram.com\\\/guvenkizyurdubuca?igsh=MXV5aXlsMXI5dHo1Ng\"]}]}<\/script>\n<!-- \/ Yoast SEO plugin. -->","yoast_head_json":{"title":"Buca G\u00fcven K\u0131z Yurdu | 0505 733 37 28 - G\u00fcven K\u0131z Yurdu | Buca","description":"Buca Dokuz Eyl\u00fcl \u00dcniversitesi yak\u0131n\u0131nda k\u0131z \u00f6\u011frenci yurdu. \u00dcniversiteye y\u00fcr\u00fcme mesafesinde y\u00fcksek \u00f6\u011frenim k\u0131z yurdu. Temiz, G\u00fcvenilir Kaliteli","robots":{"index":"index","follow":"follow","max-snippet":"max-snippet:-1","max-image-preview":"max-image-preview:large","max-video-preview":"max-video-preview:-1"},"canonical":"https:\/\/bucaguvenkizyurdu.com\/","og_locale":"tr_TR","og_type":"article","og_title":"Buca G\u00fcven K\u0131z Yurdu | 0505 733 37 28 - G\u00fcven K\u0131z Yurdu | Buca","og_description":"Buca Dokuz Eyl\u00fcl \u00dcniversitesi yak\u0131n\u0131nda k\u0131z \u00f6\u011frenci yurdu. \u00dcniversiteye y\u00fcr\u00fcme mesafesinde y\u00fcksek \u00f6\u011frenim k\u0131z yurdu. Temiz, G\u00fcvenilir Kaliteli","og_url":"https:\/\/bucaguvenkizyurdu.com\/","og_site_name":"G\u00fcven K\u0131z Yurdu | Buca","article_modified_time":"2025-09-20T13:22:46+00:00","twitter_card":"summary_large_image","twitter_misc":{"Tahmini okuma s\u00fcresi":"3 dakika"},"schema":{"@context":"https:\/\/schema.org","@graph":[{"@type":"WebPage","@id":"https:\/\/bucaguvenkizyurdu.com\/","url":"https:\/\/bucaguvenkizyurdu.com\/","name":"Buca G\u00fcven K\u0131z Yurdu | 0505 733 37 28 - G\u00fcven K\u0131z Yurdu | Buca","isPartOf":{"@id":"https:\/\/bucaguvenkizyurdu.com\/#website"},"datePublished":"2021-10-07T10:14:32+00:00","dateModified":"2025-09-20T13:22:46+00:00","description":"Buca Dokuz Eyl\u00fcl \u00dcniversitesi yak\u0131n\u0131nda k\u0131z \u00f6\u011frenci yurdu. \u00dcniversiteye y\u00fcr\u00fcme mesafesinde y\u00fcksek \u00f6\u011frenim k\u0131z yurdu. Temiz, G\u00fcvenilir Kaliteli","breadcrumb":{"@id":"https:\/\/bucaguvenkizyurdu.com\/#breadcrumb"},"inLanguage":"tr","potentialAction":[{"@type":"ReadAction","target":["https:\/\/bucaguvenkizyurdu.com\/"]}]},{"@type":"BreadcrumbList","@id":"https:\/\/bucaguvenkizyurdu.com\/#breadcrumb","itemListElement":[{"@type":"ListItem","position":1,"name":"Anasayfa","item":"https:\/\/bucaguvenkizyurdu.com\/"},{"@type":"ListItem","position":2,"name":"Buca G\u00fcven K\u0131z Yurdu | 0505 733 37 28"}]},{"@type":"WebSite","@id":"https:\/\/bucaguvenkizyurdu.com\/#website","url":"https:\/\/bucaguvenkizyurdu.com\/","name":"G\u00fcven K\u0131z Yurdu | Buca","description":"E\u011fitim Yuvan\u0131z","publisher":{"@id":"https:\/\/bucaguvenkizyurdu.com\/#organization"},"potentialAction":[{"@type":"SearchAction","target":{"@type":"EntryPoint","urlTemplate":"https:\/\/bucaguvenkizyurdu.com\/?s={search_term_string}"},"query-input":{"@type":"PropertyValueSpecification","valueRequired":true,"valueName":"search_term_string"}}],"inLanguage":"tr"},{"@type":"Organization","@id":"https:\/\/bucaguvenkizyurdu.com\/#organization","name":"G\u00fcven K\u0131z Yurdu | Buca","url":"https:\/\/bucaguvenkizyurdu.com\/","logo":{"@type":"ImageObject","inLanguage":"tr","@id":"https:\/\/bucaguvenkizyurdu.com\/#\/schema\/logo\/image\/","url":"https:\/\/bucaguvenkizyurdu.com\/wp-content\/uploads\/2021\/10\/cropped-guven-kiz-ogrenci-yurdu-logo.png","contentUrl":"https:\/\/bucaguvenkizyurdu.com\/wp-content\/uploads\/2021\/10\/cropped-guven-kiz-ogrenci-yurdu-logo.png","width":160,"height":143,"caption":"G\u00fcven K\u0131z Yurdu | Buca"},"image":{"@id":"https:\/\/bucaguvenkizyurdu.com\/#\/schema\/logo\/image\/"},"sameAs":["https:\/\/www.instagram.com\/guvenkizyurdubuca?igsh=MXV5aXlsMXI5dHo1Ng"]}]}},"_links":{"self":[{"href":"https:\/\/bucaguvenkizyurdu.com\/index.php\/wp-json\/wp\/v2\/pages\/37","targetHints":{"allow":["GET"]}}],"collection":[{"href":"https:\/\/bucaguvenkizyurdu.com\/index.php\/wp-json\/wp\/v2\/pages"}],"about":[{"href":"https:\/\/bucaguvenkizyurdu.com\/index.php\/wp-json\/wp\/v2\/types\/page"}],"author":[{"embeddable":true,"href":"https:\/\/bucaguvenkizyurdu.com\/index.php\/wp-json\/wp\/v2\/users\/1"}],"replies":[{"embeddable":true,"href":"https:\/\/bucaguvenkizyurdu.com\/index.php\/wp-json\/wp\/v2\/comments?post=37"}],"version-history":[{"count":6,"href":"https:\/\/bucaguvenkizyurdu.com\/index.php\/wp-json\/wp\/v2\/pages\/37\/revisions"}],"predecessor-version":[{"id":274,"href":"https:\/\/bucaguvenkizyurdu.com\/index.php\/wp-json\/wp\/v2\/pages\/37\/revisions\/274"}],"wp:attachment":[{"href":"https:\/\/bucaguvenkizyurdu.com\/index.php\/wp-json\/wp\/v2\/media?parent=37"}],"curies":[{"name":"wp","href":"https:\/\/api.w.org\/{rel}","templated":true}]}}